{"id":24,"date":"2014-07-11T14:11:08","date_gmt":"2014-07-11T13:11:08","guid":{"rendered":"http:\/\/www.bettininicoletti.it\/it\/?page_id=24"},"modified":"2014-08-11T15:47:37","modified_gmt":"2014-08-11T14:47:37","slug":"professionisti","status":"publish","type":"page","link":"https:\/\/bettininicoletti.it\/it\/?page_id=24","title":{"rendered":"Professionisti"},"content":{"rendered":"  <style>\n            #dwl-team-wrapper-69d11b1cbb0f6 .team-member-socials a {\n          background-color: #4258d6;\n      }\n      #dwl-team-wrapper-69d11b1cbb0f6 .team-member-other-info .fas {\n          color: #4258d6;\n      }\n      \n        <\/style>\n\n  <div id=\"dwl-team-wrapper-69d11b1cbb0f6\" class=\"dwl-team-wrapper wtm-container-fluid wtm-team-manager-shortcode\">\n      <div class=\"dwl-team-wrapper--main wtm-row g-2 g-lg-3 dwl-team-layout-grid dwl-team-image-style-boxed\">\n                  <div class=\"team-member-info-wrap m-0 p-2 wtm-col-lg-6 wtm-col-md-6 wtm-col-12 team_groups-professionisti post-24 page type-page status-publish hentry\" role=\"listitem\" aria-label=\"Team member: Avv. Filippo Bettini\">\n  \n              <div class=\"team-member-info-content\"> \n        <header>\n                            <a href=\"https:\/\/bettininicoletti.it\/it\/?team_manager=avv-filippo-bettini\">\n                                <img decoding=\"async\" width=\"150\" height=\"150\" src=\"https:\/\/bettininicoletti.it\/it\/wp-content\/uploads\/2014\/08\/foto-avv.-Filippo-150x150.jpg\" class=\"dwl-box-shadow\" alt=\"Photo of Avv. Filippo Bettini\" loading=\"eager\" \/>                                <\/a>\n                    <\/header>\n        <div class=\"team-member-desc\">\n\n            <h2 class=\"team-member-title\">Avv. Filippo Bettini<\/h2>\n\n            \n            <div class=\"team-short-bio\">\n                                        Laureato presso la facolt\u00e0 di Giurisprudenza dell&#039;Universit\u00e0 di Trento, iscritto all&#039;Albo dell&#039;Ordine degli Avvocati di Rovereto. Componente dell&#039;Organismo di Composizione della Crisi Trentino (https:\/\/occtrentino.it\/) Membro dell&#039;Associazione Concorsualisti (https:\/\/www.associazioneconcorsualisti.it\/) C.F.: BTTFPP76A09H612Z pec. filippobettini@pec.it &nbsp; &nbsp;                            <\/div>\n\n                                        \n                                        \n                            \n        <\/div>\n    <\/div>\n        <\/div>\n\t            <div class=\"team-member-info-wrap m-0 p-2 wtm-col-lg-6 wtm-col-md-6 wtm-col-12 team_groups-professionisti post-24 page type-page status-publish hentry\" role=\"listitem\" aria-label=\"Team member: Avv. Chiara Nicoletti\">\n  \n              <div class=\"team-member-info-content\"> \n        <header>\n                            <a href=\"https:\/\/bettininicoletti.it\/it\/?team_manager=avv-chiara-nicoletti\">\n                                <img decoding=\"async\" width=\"150\" height=\"150\" src=\"https:\/\/bettininicoletti.it\/it\/wp-content\/uploads\/2014\/08\/IMG_7332_01-150x150.jpg\" class=\"dwl-box-shadow\" alt=\"Photo of Avv. Chiara Nicoletti\" loading=\"eager\" \/>                                <\/a>\n                    <\/header>\n        <div class=\"team-member-desc\">\n\n            <h2 class=\"team-member-title\">Avv. Chiara Nicoletti<\/h2>\n\n            \n            <div class=\"team-short-bio\">\n                                        laureata presso la facolt\u00e0 di Giurisprudenza dell&#039;Universit\u00e0 di Bologna, \u00e8 iscritta all&#039;Albo dell&#039;Ordine degli Avvocati di Rovereto. Presidente della sede territoriale\u00a0di Rovereto della Camera Nazionale Avvocati per la Famiglia e i Minori. C.F.: NCLCHR70H50H612A pec. avvchiaranicoletti@puntopec.it                            <\/div>\n\n                                        \n                                        \n                            \n        <\/div>\n    <\/div>\n        <\/div>\n\t          <\/div>\n  <\/div>\n\n  \n","protected":false},"excerpt":{"rendered":"","protected":false},"author":1,"featured_media":0,"parent":0,"menu_order":0,"comment_status":"closed","ping_status":"closed","template":"","meta":{"footnotes":""},"class_list":["post-24","page","type-page","status-publish","hentry"],"_links":{"self":[{"href":"https:\/\/bettininicoletti.it\/it\/index.php?rest_route=\/wp\/v2\/pages\/24","targetHints":{"allow":["GET"]}}],"collection":[{"href":"https:\/\/bettininicoletti.it\/it\/index.php?rest_route=\/wp\/v2\/pages"}],"about":[{"href":"https:\/\/bettininicoletti.it\/it\/index.php?rest_route=\/wp\/v2\/types\/page"}],"author":[{"embeddable":true,"href":"https:\/\/bettininicoletti.it\/it\/index.php?rest_route=\/wp\/v2\/users\/1"}],"replies":[{"embeddable":true,"href":"https:\/\/bettininicoletti.it\/it\/index.php?rest_route=%2Fwp%2Fv2%2Fcomments&post=24"}],"version-history":[{"count":3,"href":"https:\/\/bettininicoletti.it\/it\/index.php?rest_route=\/wp\/v2\/pages\/24\/revisions"}],"predecessor-version":[{"id":81,"href":"https:\/\/bettininicoletti.it\/it\/index.php?rest_route=\/wp\/v2\/pages\/24\/revisions\/81"}],"wp:attachment":[{"href":"https:\/\/bettininicoletti.it\/it\/index.php?rest_route=%2Fwp%2Fv2%2Fmedia&parent=24"}],"curies":[{"name":"wp","href":"https:\/\/api.w.org\/{rel}","templated":true}]}}